{"id":11,"date":"2024-10-18T10:34:29","date_gmt":"2024-10-18T10:34:29","guid":{"rendered":"https:\/\/rm.klevi.me\/?page_id=8"},"modified":"2024-11-19T11:34:50","modified_gmt":"2024-11-19T11:34:50","slug":"home","status":"publish","type":"page","link":"https:\/\/remark.al\/","title":{"rendered":"Home"},"content":{"rendered":"\n<div class=\"wp-block-nk-awb nk-awb  alignfull\"><div class=\"nk-awb-wrap\" data-awb-type=\"yt_vm_video\" data-awb-video=\"https:\/\/vimeo.com\/1016080705\/84b156f863\" data-awb-video-always-play=\"true\" data-awb-video-mobile=\"false\" data-awb-parallax=\"scroll\" data-awb-parallax-speed=\"0.5\" data-awb-parallax-mobile=\"false\"><div class=\"nk-awb-inner\" style=\"opacity: 0.7;\"><\/div><\/div><div class=\"nk-awb-wrap-content is-layout-flow wp-block-nk-awb-is-layout-flow\">\n<div class=\"wp-block-group is-layout-constrained wp-block-group-is-layout-constrained\">\n<div class=\"wp-block-columns alignwide p-animation-text-moveUp is-layout-flex wp-container-core-columns-is-layout-1b715042 wp-block-columns-is-layout-flex\">\n<div class=\"wp-block-column is-vertically-aligned-center is-layout-flow wp-block-column-is-layout-flow\">\n<div style=\"height:48px\" aria-hidden=\"true\" class=\"wp-block-spacer\"><\/div>\n\n\n\n<h1 class=\"wp-block-heading has-text-align-center has-black-color has-text-color\">Ne nuk ofrojm\u00eb thjesht nj\u00eb sh\u00ebrbim<\/h1>\n\n\n\n<p class=\"has-text-align-center has-black-color has-text-color\"><strong>B\u00ebhu pjes\u00eb e inovacionit!<\/strong><\/p>\n\n\n\n<div style=\"height:5px\" aria-hidden=\"true\" class=\"wp-block-spacer\"><\/div>\n\n\n\n<div class=\"wp-block-buttons is-content-justification-center is-layout-flex wp-container-core-buttons-is-layout-a89b3969 wp-block-buttons-is-layout-flex\"><\/div>\n\n\n\n<script type=\"text\/javascript\" src=\"https:\/\/uberall.com\/assets\/status-check-embed.js\"><\/script>\n\n<div class=\"ub_status_check_widget\" data-showtable=\"true\" data-showgraph=\"true\" data-showtopinfo=\"true\" data-pdfexport=\"true\" data-showdirectorygrid=\"false\" data-urlbase=\"https:\/\/uberall.com\" data-ctabuttontext=\"Optimizoni tani\" data-ctatext=\"Optimizoni pranin\u00eb online t\u00eb kompanis\u00eb tuaj\" data-ctalink=\"https:\/\/uberall.com\/en\/check\" data-headertext=\"SKANO BIZNESIN T\u00cbND\" data-countries=\"AF,AX,AL,DZ,AS,AD,AO,AI,AQ,AG,AR,AM,AW,AU,AT,AZ,BS,BH,BD,BB,BY,BE,BZ,BJ,BM,BT,BO,BQ,BA,BW,BV,BR,IO,BN,BG,BF,BI,KH,CM,CA,CV,KY,CF,TD,CL,CN,CX,CC,CO,KM,CG,CD,CK,CR,CI,HR,CU,CW,CY,CZ,DK,DJ,DM,DO,EC,EG,SV,GQ,ER,EE,ET,FK,FO,FJ,FI,FR,GF,PF,TF,GA,GM,GE,DE,GH,GI,GR,GL,GD,GP,GU,GT,GG,GN,GW,GY,HT,HM,VA,HN,HK,HU,IS,IN,ID,IR,IQ,IE,IM,IL,IT,JM,JP,JE,JO,KZ,KE,KI,KP,KR,XK,KW,KG,LA,LV,LB,LS,LR,LY,LI,LT,LU,MO,MK,MG,MW,MY,MV,ML,MT,MH,MQ,MR,MU,YT,MX,FM,MD,MC,MN,ME,MS,MA,MZ,MM,NA,NR,NP,NL,NC,NZ,NI,NE,NG,NU,NF,MP,NO,OM,PK,PW,PS,PA,PG,PY,PE,PH,PN,PL,PT,PR,QA,RE,RO,RU,RW,BL,SH,KN,LC,MF,PM,VC,WS,SM,ST,SA,SN,RS,SC,SL,SG,SX,SK,SI,SB,SO,ZA,GS,SS,ES,LK,SD,SR,SJ,SZ,SE,CH,SY,TW,TJ,TZ,TH,TL,TG,TK,TO,TT,TN,TR,TM,TC,TV,UG,UA,AE,UK,US,UM,UY,UZ,VU,VE,VN,VG,VI,WF,EH,YE,ZM,ZW\" data-directories=\"\" data-language=\"EN\" data-key=\"ieYCx2fqyIonDxqGnTCPi3oPIrw7x34U66hCTqBlehzxGp8d6iamtIcbIVOHaJaJMHAaCDPZgzaNWR4lO5KtQEsxxofAoHcHCayDoz3RIu0XYhKPcF9I6sCdcnoUdSXU\" data-recentsearches=\"false\" data-bgcolor=\"#040403\" data-buttonbgcolor=\"#f0ecdd\" data-buttontextcolor=\"#060606\" data-linkcolor=\"#040404\" data-textcolor=\"#020202\" data-contactphone=\"\" data-contactemail=\"info@remark.al\" data-sharelink=\"true\"><\/div>\n<\/div>\n<\/div>\n<\/div>\n<\/div><\/div>\n\n\n\n<div class=\"wp-block-group pattern-features p-animation-move-sideways is-layout-constrained wp-container-core-group-is-layout-5986cb94 wp-block-group-is-layout-constrained\" style=\"margin-top:0;margin-bottom:var(--wp--preset--spacing--xx-large);padding-top:0;padding-right:0;padding-bottom:0;padding-left:0\">\n<div class=\"wp-block-columns is-layout-flex wp-container-core-columns-is-layout-5ba13084 wp-block-columns-is-layout-flex\" style=\"padding-top:var(--wp--preset--spacing--large);padding-bottom:var(--wp--preset--spacing--large)\">\n<div class=\"wp-block-column is-vertically-aligned-center is-layout-flow wp-block-column-is-layout-flow\" style=\"padding-top:var(--wp--preset--spacing--large);padding-right:var(--wp--preset--spacing--small);padding-bottom:var(--wp--preset--spacing--large);padding-left:var(--wp--preset--spacing--small)\">\n<h5 class=\"wp-block-heading has-text-align-center\" style=\"padding-top:var(--wp--preset--spacing--xx-small);letter-spacing:-0.04em;line-height:1.1\">Platforma<\/h5>\n\n\n\n<p class=\"has-text-align-center\">Platforma jon\u00eb \u00ebsht\u00eb shum\u00eb e thjesht\u00eb dhe miq\u00ebsore p\u00ebr p\u00ebrdoruesit, duke e b\u00ebr\u00eb menaxhimin e informacionit t\u00eb leht\u00eb dhe efektiv.<\/p>\n<\/div>\n\n\n\n<div class=\"wp-block-column is-vertically-aligned-center has-grey-background-color has-gray-background-color has-background is-layout-flow wp-block-column-is-layout-flow\" style=\"padding-top:var(--wp--preset--spacing--large);padding-right:var(--wp--preset--spacing--small);padding-bottom:var(--wp--preset--spacing--large);padding-left:var(--wp--preset--spacing--small)\">\n<h5 class=\"wp-block-heading has-text-align-center\" style=\"padding-top:var(--wp--preset--spacing--xx-small);letter-spacing:-0.03em;line-height:1.1\">K\u00ebrkim dhe Analiz\u00eb<\/h5>\n\n\n\n<p class=\"has-text-align-center\">Ofrim analizash t\u00eb thelluara mbi tregun p\u00ebr t\u00eb optimizuar strategjit\u00eb dhe p\u00ebrmir\u00ebsuar performanc\u00ebn.<\/p>\n<\/div>\n\n\n\n<div class=\"wp-block-column is-vertically-aligned-center is-layout-flow wp-block-column-is-layout-flow\" style=\"border-style:none;border-width:0px;padding-top:var(--wp--preset--spacing--large);padding-right:var(--wp--preset--spacing--small);padding-bottom:var(--wp--preset--spacing--large);padding-left:var(--wp--preset--spacing--small)\">\n<h5 class=\"wp-block-heading has-text-align-center\" style=\"padding-top:var(--wp--preset--spacing--xx-small);letter-spacing:-0.03em;line-height:1.1\">Google Analytics<\/h5>\n\n\n\n<p class=\"has-text-align-center\">Google Analytics ofron t\u00eb dh\u00ebna t\u00eb thelluara mbi vizitat dhe sjelljen e p\u00ebrdoruesve n\u00eb faqen tuaj.<\/p>\n<\/div>\n<\/div>\n<\/div>\n\n\n\n<div class=\"wp-block-group is-layout-constrained wp-block-group-is-layout-constrained\" style=\"padding-top:var(--wp--preset--spacing--large);padding-bottom:var(--wp--preset--spacing--large)\">\n<h2 class=\"wp-block-heading has-text-align-center p-animation-moveUp\" style=\"letter-spacing:-0.03em;line-height:1.1;text-transform:none\">Merrni marketingun dhe optimizimin SEO n\u00eb nj\u00eb nivel tjet\u00ebr.<\/h2>\n\n\n\n<div class=\"wp-block-columns p-animation-text-moveUp is-layout-flex wp-container-core-columns-is-layout-d8a81c52 wp-block-columns-is-layout-flex\" style=\"margin-bottom:0;padding-top:var(--wp--preset--spacing--large);padding-right:0;padding-bottom:var(--wp--preset--spacing--large);padding-left:0\">\n<div class=\"wp-block-column is-layout-flow wp-block-column-is-layout-flow\">\n<div class=\"wp-block-columns is-layout-flex wp-container-core-columns-is-layout-28f84493 wp-block-columns-is-layout-flex\">\n<div class=\"wp-block-column is-layout-flow wp-block-column-is-layout-flow\">\n<figure class=\"wp-block-image size-full has-custom-border\"><img decoding=\"async\" src=\"https:\/\/rm.klevi.me\/wp-content\/themes\/prespa\/assets\/img\/patterns\/how-it-works-part-1.png\" alt=\"\" class=\"wp-image-288\" style=\"border-radius:6px\"\/><\/figure>\n<\/div>\n<\/div>\n<\/div>\n\n\n\n<div class=\"wp-block-column is-vertically-aligned-center is-layout-flow wp-block-column-is-layout-flow\">\n<h3 class=\"wp-block-heading\" style=\"padding-bottom:var(--wp--preset--spacing--xx-small);letter-spacing:-0.02em;line-height:1.2\">Dizajn i bukur i faqes me nd\u00ebrfaqe moderne dhe SEO<\/h3>\n\n\n\n<p style=\"margin-bottom:var(--wp--preset--spacing--large)\">Ne ju ndihmojm\u00eb t\u00eb analizoni faqen tuaj t\u00eb internetit dhe biznesin tuaj n\u00ebp\u00ebrmjet raporteve t\u00eb detajuara dhe statistikave. Kjo ju lejon t\u00eb identifikoni fushat p\u00ebr p\u00ebrmir\u00ebsim dhe t\u00eb optimizoni performanc\u00ebn tuaj.<\/p>\n\n\n\n<div class=\"wp-block-buttons is-layout-flex wp-block-buttons-is-layout-flex\">\n<div class=\"wp-block-button p-btn-animation-border-move\"><a class=\"wp-block-button__link wp-element-button\" href=\"#\">Na kontaktoni<\/a><\/div>\n<\/div>\n<\/div>\n<\/div>\n\n\n\n<div class=\"wp-block-columns is-swap-on-mobile p-animation-text-moveUp is-layout-flex wp-container-core-columns-is-layout-13455e4b wp-block-columns-is-layout-flex\" style=\"margin-bottom:var(--wp--preset--spacing--large)\">\n<div class=\"wp-block-column is-vertically-aligned-center is-layout-flow wp-block-column-is-layout-flow\">\n<h3 class=\"wp-block-heading\" style=\"padding-bottom:var(--wp--preset--spacing--xx-small);letter-spacing:-0.02em;line-height:1.2\">Fuqizimi i strategjis\u00eb suaj t\u00eb marketingut digjital<\/h3>\n\n\n\n<p style=\"margin-bottom:var(--wp--preset--spacing--large)\">Fuqizimi i strategjis\u00eb suaj t\u00eb marketingut digjital \u00ebsht\u00eb thelb\u00ebsor p\u00ebr rritjen e biznesit. Ne ofrojm\u00eb mjete dhe teknika inovative p\u00ebr t\u00eb arritur audienc\u00ebn tuaj, rritur angazhimin dhe p\u00ebrmir\u00ebsuar shitjet.<\/p>\n\n\n\n<div class=\"wp-block-buttons is-layout-flex wp-block-buttons-is-layout-flex\">\n<div class=\"wp-block-button p-btn-animation-border-move\"><a class=\"wp-block-button__link wp-element-button\" href=\"#\">Na kontaktoni<\/a><\/div>\n<\/div>\n<\/div>\n\n\n\n<div class=\"wp-block-column is-layout-flow wp-block-column-is-layout-flow\">\n<div class=\"wp-block-columns is-layout-flex wp-container-core-columns-is-layout-28f84493 wp-block-columns-is-layout-flex\">\n<div class=\"wp-block-column is-layout-flow wp-block-column-is-layout-flow\">\n<figure class=\"wp-block-image size-full has-custom-border\"><img decoding=\"async\" src=\"https:\/\/rm.klevi.me\/wp-content\/themes\/prespa\/assets\/img\/patterns\/how-it-works-part-2.png\" alt=\"\" class=\"wp-image-288\" style=\"border-radius:6px\"\/><\/figure>\n<\/div>\n<\/div>\n<\/div>\n<\/div>\n\n\n\n<div class=\"wp-block-columns p-animation-text-moveUp is-layout-flex wp-container-core-columns-is-layout-318252f0 wp-block-columns-is-layout-flex\">\n<div class=\"wp-block-column is-layout-flow wp-block-column-is-layout-flow\">\n<div class=\"wp-block-columns is-layout-flex wp-container-core-columns-is-layout-28f84493 wp-block-columns-is-layout-flex\">\n<div class=\"wp-block-column is-layout-flow wp-block-column-is-layout-flow\">\n<figure class=\"wp-block-image size-full has-custom-border\"><img decoding=\"async\" src=\"https:\/\/rm.klevi.me\/wp-content\/themes\/prespa\/assets\/img\/patterns\/how-it-works-part-3.png\" alt=\"\" class=\"wp-image-288\" style=\"border-radius:6px\"\/><\/figure>\n<\/div>\n<\/div>\n<\/div>\n\n\n\n<div class=\"wp-block-column is-vertically-aligned-center is-layout-flow wp-block-column-is-layout-flow\">\n<h3 class=\"wp-block-heading\" style=\"padding-bottom:var(--wp--preset--spacing--xx-small);letter-spacing:-0.02em;line-height:1.2\">Merrni mark\u00ebn tuaj n\u00eb nj\u00eb nivel tjet\u00ebr me konceptin e SEO marketing.<\/h3>\n\n\n\n<p style=\"margin-bottom:var(--wp--preset--spacing--large)\">Merrni mark\u00ebn tuaj n\u00eb nj\u00eb nivel tjet\u00ebr me nj\u00eb koncept dizajni inovativ. Ne krijojm\u00eb zgjidhje unike q\u00eb reflektojn\u00eb identitetin tuaj dhe t\u00ebrheqin klient\u00ebt, duke rritur njohjen dhe besimin n\u00eb treg.<\/p>\n\n\n\n<div class=\"wp-block-buttons is-layout-flex wp-block-buttons-is-layout-flex\">\n<div class=\"wp-block-button p-btn-animation-border-move\"><a class=\"wp-block-button__link wp-element-button\" href=\"#\">Na kontaktoni<\/a><\/div>\n<\/div>\n<\/div>\n<\/div>\n<\/div>\n\n\n\n<div class=\"wp-block-group pattern-services is-layout-constrained wp-block-group-is-layout-constrained\" style=\"padding-top:var(--wp--preset--spacing--medium);padding-bottom:var(--wp--preset--spacing--medium)\">\n<p>\u00cbsht\u00eb thelb\u00ebsore t\u00eb p\u00ebrmir\u00ebsoni renditjen e faqeve tuaja organike pasi sa m\u00eb lart t\u00eb renditeni n\u00eb Google me rezultate t\u00eb motorit t\u00eb k\u00ebrkimit, aq m\u00eb shum\u00eb gjasa do t\u00eb ket\u00eb q\u00eb faqja juaj t\u00eb klikohet. Ky rezultat p\u00ebrfitohet nga informacioni i sakt\u00eb dhe i besuesh\u00ebm, i cili p\u00ebrcillet ne Google.<\/p>\n\n\n\n<div style=\"height:44px\" aria-hidden=\"true\" class=\"wp-block-spacer\"><\/div>\n\n\n\n<div class=\"wp-block-group is-content-justification-center is-nowrap is-layout-flex wp-container-core-group-is-layout-23441af8 wp-block-group-is-layout-flex\">\n<figure class=\"wp-block-image\"><img decoding=\"async\" src=\"https:\/\/img1.wsimg.com\/isteam\/ip\/3c4f7294-9962-41ce-81fb-e56658330177\/blob-8c8f026.png\/:\/cr=t:0%25,l:0%25,w:100%25,h:100%25\/rs=h:100,cg:true\" alt=\"\"\/><\/figure>\n\n\n\n<figure class=\"wp-block-image\"><img decoding=\"async\" src=\"https:\/\/img1.wsimg.com\/isteam\/ip\/3c4f7294-9962-41ce-81fb-e56658330177\/blob-d740e53.png\/:\/cr=t:0%25,l:0%25,w:100%25,h:100%25\/rs=h:100,cg:true\" alt=\"\"\/><\/figure>\n\n\n\n<figure class=\"wp-block-image\"><img decoding=\"async\" src=\"https:\/\/img1.wsimg.com\/isteam\/ip\/3c4f7294-9962-41ce-81fb-e56658330177\/blob-9ba0de8.png\/:\/cr=t:0%25,l:0%25,w:100%25,h:100%25\/rs=h:100,cg:true\" alt=\"\"\/><\/figure>\n\n\n\n<figure class=\"wp-block-image\"><img decoding=\"async\" src=\"https:\/\/img1.wsimg.com\/isteam\/ip\/3c4f7294-9962-41ce-81fb-e56658330177\/blob-11db6b6.png\/:\/cr=t:0%25,l:0%25,w:100%25,h:100%25\/rs=h:100,cg:true\" alt=\"\"\/><\/figure>\n\n\n\n<figure class=\"wp-block-image\"><img decoding=\"async\" src=\"https:\/\/img1.wsimg.com\/isteam\/ip\/3c4f7294-9962-41ce-81fb-e56658330177\/blob-85e6642.png\/:\/cr=t:0%25,l:0%25,w:100%25,h:100%25\/rs=h:100,cg:true\" alt=\"\"\/><\/figure>\n<\/div>\n\n\n\n<div style=\"height:36px\" aria-hidden=\"true\" class=\"wp-block-spacer\"><\/div>\n\n\n\n<p>Lart jan\u00eb nj\u00eb p\u00ebrzgjedhje e partner\u00ebve me t\u00eb cil\u00ebt kemi lidhur drejtp\u00ebrdrejt API-t\u00eb.&nbsp;<\/p>\n\n\n\n<p>Kjo do t\u00eb thot\u00eb q\u00eb sistemi yn\u00eb, i cili zot\u00ebron harta dhe sisteme GPS t\u00eb kompanive, sinkronizohet n\u00eb koh\u00eb reale dhe kontribuon q\u00eb biznesi juaj t\u00eb mbrohet automatikisht n\u00eb gjith\u00eb k\u00ebto platforma t\u00eb lartp\u00ebrmendura.<\/p>\n\n\n\n<p><a href=\"https:\/\/remark.al\/social-media\">Fillojeni procesin e rritjes suaj sot<\/a><\/p>\n\n\n\n<div style=\"height:2rem\" aria-hidden=\"true\" class=\"wp-block-spacer\"><\/div>\n<\/div>\n\n\n\n<div class=\"wp-block-group alignfull section-stats-counter has-gray-background-color has-background is-layout-constrained wp-block-group-is-layout-constrained\">\n<div class=\"wp-block-group is-layout-constrained wp-block-group-is-layout-constrained\">\n<div class=\"wp-block-columns is-layout-flex wp-container-core-columns-is-layout-0cd477d5 wp-block-columns-is-layout-flex\" style=\"padding-top:var(--wp--preset--spacing--small);padding-bottom:var(--wp--preset--spacing--small)\">\n<div class=\"wp-block-column is-layout-flow wp-block-column-is-layout-flow\">\n<figure class=\"wp-block-embed is-type-video is-provider-vimeo wp-block-embed-vimeo wp-embed-aspect-16-9 wp-has-aspect-ratio\"><div class=\"wp-block-embed__wrapper\">\n<iframe loading=\"lazy\" title=\"Whitelabel-EN-withmusic.mp4\" src=\"https:\/\/player.vimeo.com\/video\/1016125846?h=f9beecd7bd&amp;dnt=1&amp;app_id=122963\" width=\"500\" height=\"281\" frameborder=\"0\" allow=\"autoplay; fullscreen; picture-in-picture; clipboard-write\"><\/iframe>\n<\/div><\/figure>\n<\/div>\n<\/div>\n<\/div>\n<\/div>\n\n\n\n<div class=\"wp-block-cover alignfull is-light has-parallax\"><span aria-hidden=\"true\" class=\"wp-block-cover__background has-background-dim-10 has-background-dim\"><\/span><div class=\"wp-block-cover__image-background wp-image-1867 has-parallax\" style=\"background-position:50% 50%;background-image:url(https:\/\/rm.klevi.me\/wp-content\/themes\/prespa\/assets\/img\/patterns\/contact-us.jpg)\"><\/div><div class=\"wp-block-cover__inner-container is-layout-flow wp-block-cover-is-layout-flow\">\n<div class=\"wp-block-group p-animation-text-transform is-layout-constrained wp-block-group-is-layout-constrained\">\n<h2 class=\"wp-block-heading has-text-align-center has-white-color has-text-color has-x-large-font-size\">Na kontaktoni<\/h2>\n\n\n\n<p class=\"has-text-align-center has-white-color has-text-color\">Keni nj\u00eb pyetje? Ne kemi t\u00eb gjitha p\u00ebrgjigjet.<\/p>\n\n\n\n<div style=\"height:8px\" aria-hidden=\"true\" class=\"wp-block-spacer\"><\/div>\n\n\n\n<div class=\"wp-block-buttons is-layout-flex wp-block-buttons-is-layout-flex\">\n<div class=\"wp-block-button aligncenter p-btn-animation-border-move p-animation-text-transform is-style-fill\"><a class=\"wp-block-button__link wp-element-button\"><span>K<\/span>ontaktoni me ne!<\/a><\/div>\n<\/div>\n<\/div>\n<\/div><\/div>\n","protected":false},"excerpt":{"rendered":"<p>Platforma Platforma jon\u00eb \u00ebsht\u00eb shum\u00eb e thjesht\u00eb dhe miq\u00ebsore p\u00ebr p\u00ebrdoruesit, duke e b\u00ebr\u00eb menaxhimin&hellip;<\/p>\n","protected":false},"author":1,"featured_media":0,"parent":0,"menu_order":0,"comment_status":"closed","ping_status":"closed","template":"","meta":{"footnotes":""},"class_list":["post-11","page","type-page","status-publish","hentry"],"_links":{"self":[{"href":"https:\/\/remark.al\/index.php?rest_route=\/wp\/v2\/pages\/11","targetHints":{"allow":["GET"]}}],"collection":[{"href":"https:\/\/remark.al\/index.php?rest_route=\/wp\/v2\/pages"}],"about":[{"href":"https:\/\/remark.al\/index.php?rest_route=\/wp\/v2\/types\/page"}],"author":[{"embeddable":true,"href":"https:\/\/remark.al\/index.php?rest_route=\/wp\/v2\/users\/1"}],"replies":[{"embeddable":true,"href":"https:\/\/remark.al\/index.php?rest_route=%2Fwp%2Fv2%2Fcomments&post=11"}],"version-history":[{"count":8,"href":"https:\/\/remark.al\/index.php?rest_route=\/wp\/v2\/pages\/11\/revisions"}],"predecessor-version":[{"id":58,"href":"https:\/\/remark.al\/index.php?rest_route=\/wp\/v2\/pages\/11\/revisions\/58"}],"wp:attachment":[{"href":"https:\/\/remark.al\/index.php?rest_route=%2Fwp%2Fv2%2Fmedia&parent=11"}],"curies":[{"name":"wp","href":"https:\/\/api.w.org\/{rel}","templated":true}]}}